{"id":3706,"date":"2021-06-10T10:00:16","date_gmt":"2021-06-10T08:00:16","guid":{"rendered":"https:\/\/twnaf.com\/share-your-story-copy\/"},"modified":"2022-06-28T12:42:36","modified_gmt":"2022-06-28T10:42:36","slug":"feedback","status":"publish","type":"page","link":"https:\/\/twnaf.com\/fr\/feedback\/","title":{"rendered":"Retour"},"content":{"rendered":"<style>#kt-layout-id_033b5f-c7 > .kt-row-column-wrap{align-content:center;}:where(#kt-layout-id_033b5f-c7 > .kt-row-column-wrap) > .wp-block-kadence-column{justify-content:center;}#kt-layout-id_033b5f-c7 > .kt-row-column-wrap{column-gap:var(--global-kb-gap-md, 2rem);row-gap:var(--global-kb-gap-md, 2rem);max-width:2000px;margin-left:auto;margin-right:auto;padding-top:var( --global-kb-row-default-top, 25px );padding-bottom:var( --global-kb-row-default-bottom, 25px );padding-top:2em;padding-bottom:2em;min-height:250px;grid-template-columns:minmax(0, 1fr);}#kt-layout-id_033b5f-c7{background-image:url('https:\/\/twnaf.com\/wp-content\/uploads\/2021\/06\/pexels-pixabay-270360-scaled.jpeg');background-size:cover;background-position:41% 35%;background-attachment:scroll;background-repeat:no-repeat;}#kt-layout-id_033b5f-c7 > .kt-row-layout-overlay{opacity:0.60;background-color:var(--global-palette3, #1A202C);mix-blend-mode:normal;}@media all and (max-width: 1024px){#kt-layout-id_033b5f-c7 > .kt-row-column-wrap{grid-template-columns:minmax(0, 1fr);}}@media all and (max-width: 767px){#kt-layout-id_033b5f-c7 > .kt-row-column-wrap{min-height:180px;grid-template-columns:minmax(0, 1fr);}}<\/style>\n<div class=\"wp-block-kadence-rowlayout alignfull\"><div id=\"kt-layout-id_033b5f-c7\" class=\"kt-row-layout-inner kt-row-has-bg kt-layout-id_033b5f-c7\"><div class=\"kt-row-layout-overlay kt-row-overlay-normal\"><\/div><div class=\"kt-row-column-wrap kt-has-1-columns kt-gutter-default kt-v-gutter-default kt-row-valign-middle kt-row-layout-equal kt-tab-layout-inherit kt-m-colapse-left-to-right kt-mobile-layout-row\"><style>.kadence-column_da9365-1d > .kt-inside-inner-col{border-top-width:0px;border-right-width:0px;border-bottom-width:0px;border-left-width:0px;}.kadence-column_da9365-1d > .kt-inside-inner-col,.kadence-column_da9365-1d > .kt-inside-inner-col:before{border-top-left-radius:0px;border-top-right-radius:0px;border-bottom-right-radius:0px;border-bottom-left-radius:0px;}.kadence-column_da9365-1d > .kt-inside-inner-col{column-gap:var(--global-kb-gap-sm, 1rem);}.kadence-column_da9365-1d > .kt-inside-inner-col{flex-direction:column;}.kadence-column_da9365-1d > .kt-inside-inner-col > .aligncenter{width:100%;}.kadence-column_da9365-1d > .kt-inside-inner-col:before{opacity:0.3;}.kadence-column_da9365-1d{position:relative;}@media all and (max-width: 1024px){.kadence-column_da9365-1d > .kt-inside-inner-col{flex-direction:column;justify-content:center;}}@media all and (max-width: 767px){.kadence-column_da9365-1d > .kt-inside-inner-col{flex-direction:column;justify-content:center;}}<\/style>\n<div class=\"wp-block-kadence-column inner-column-1 kadence-column_da9365-1d glacial\"><div class=\"kt-inside-inner-col\"><style>.wp-block-kadence-advancedheading.kt-adv-heading_0def9a-64, .wp-block-kadence-advancedheading.kt-adv-heading_0def9a-64[data-kb-block=\"kb-adv-heading_0def9a-64\"]{margin-bottom:10px;text-align:center;font-style:normal;color:#fff;}.wp-block-kadence-advancedheading.kt-adv-heading_0def9a-64 mark.kt-highlight, .wp-block-kadence-advancedheading.kt-adv-heading_0def9a-64[data-kb-block=\"kb-adv-heading_0def9a-64\"] mark.kt-highlight{font-style:normal;color:#f76a0c;-webkit-box-decoration-break:clone;box-decoration-break:clone;padding-top:0px;padding-right:0px;padding-bottom:0px;padding-left:0px;}.wp-block-kadence-advancedheading.kt-adv-heading_0def9a-64 img.kb-inline-image, .wp-block-kadence-advancedheading.kt-adv-heading_0def9a-64[data-kb-block=\"kb-adv-heading_0def9a-64\"] img.kb-inline-image{width:150px;vertical-align:baseline;}<\/style>\n<h1 class=\"kt-adv-heading_0def9a-64 wp-block-kadence-advancedheading\" data-kb-block=\"kb-adv-heading_0def9a-64\">GIVE US YOUR FEEDBACK<\/h1>\n\n\n\n<p><\/p>\n<\/div><\/div>\n<\/div><\/div><\/div>\n\n\n<style>#kt-layout-id_bba54b-15 > .kt-row-column-wrap{align-content:start;}:where(#kt-layout-id_bba54b-15 > .kt-row-column-wrap) > .wp-block-kadence-column{justify-content:start;}#kt-layout-id_bba54b-15 > .kt-row-column-wrap{column-gap:var(--global-kb-gap-md, 2rem);row-gap:var(--global-kb-gap-md, 2rem);padding-top:var( --global-kb-row-default-top, 25px );padding-bottom:var( --global-kb-row-default-bottom, 25px );padding-top:var(--global-kb-spacing-sm, 1.5rem);padding-bottom:var(--global-kb-spacing-sm, 1.5rem);grid-template-columns:minmax(0, 1fr);}#kt-layout-id_bba54b-15 > .kt-row-layout-overlay{opacity:0.30;}@media all and (max-width: 1024px){#kt-layout-id_bba54b-15 > .kt-row-column-wrap{grid-template-columns:minmax(0, 1fr);}}@media all and (max-width: 767px){#kt-layout-id_bba54b-15 > .kt-row-column-wrap{grid-template-columns:minmax(0, 1fr);}}<\/style>\n<div class=\"wp-block-kadence-rowlayout alignnone\"><div id=\"kt-layout-id_bba54b-15\" class=\"kt-row-layout-inner kt-layout-id_bba54b-15\"><div class=\"kt-row-column-wrap kt-has-1-columns kt-gutter-default kt-v-gutter-default kt-row-valign-top kt-row-layout-equal kt-tab-layout-inherit kt-m-colapse-left-to-right kt-mobile-layout-row\"><style>.kadence-column_220d35-48 > .kt-inside-inner-col{border-top-width:0px;border-right-width:0px;border-bottom-width:0px;border-left-width:0px;}.kadence-column_220d35-48 > .kt-inside-inner-col,.kadence-column_220d35-48 > .kt-inside-inner-col:before{border-top-left-radius:0px;border-top-right-radius:0px;border-bottom-right-radius:0px;border-bottom-left-radius:0px;}.kadence-column_220d35-48 > .kt-inside-inner-col{column-gap:var(--global-kb-gap-sm, 1rem);}.kadence-column_220d35-48 > .kt-inside-inner-col{flex-direction:column;}.kadence-column_220d35-48 > .kt-inside-inner-col > .aligncenter{width:100%;}.kadence-column_220d35-48 > .kt-inside-inner-col:before{opacity:0.3;}.kadence-column_220d35-48{text-align:center;}.kadence-column_220d35-48{position:relative;}@media all and (max-width: 1024px){.kadence-column_220d35-48 > .kt-inside-inner-col{flex-direction:column;justify-content:center;}}@media all and (max-width: 767px){.kadence-column_220d35-48 > .kt-inside-inner-col{flex-direction:column;justify-content:center;}}<\/style>\n<div class=\"wp-block-kadence-column inner-column-1 kadence-column_220d35-48\"><div class=\"kt-inside-inner-col\"><\/div><\/div>\n<\/div><\/div><\/div>\n\n\n<style>.wp-block-kadence-advancedheading.kt-adv-heading_ca1259-a4, .wp-block-kadence-advancedheading.kt-adv-heading_ca1259-a4[data-kb-block=\"kb-adv-heading_ca1259-a4\"]{text-align:center;font-style:normal;}.wp-block-kadence-advancedheading.kt-adv-heading_ca1259-a4 mark.kt-highlight, .wp-block-kadence-advancedheading.kt-adv-heading_ca1259-a4[data-kb-block=\"kb-adv-heading_ca1259-a4\"] mark.kt-highlight{font-style:normal;color:#f76a0c;-webkit-box-decoration-break:clone;box-decoration-break:clone;padding-top:0px;padding-right:0px;padding-bottom:0px;padding-left:0px;}.wp-block-kadence-advancedheading.kt-adv-heading_ca1259-a4 img.kb-inline-image, .wp-block-kadence-advancedheading.kt-adv-heading_ca1259-a4[data-kb-block=\"kb-adv-heading_ca1259-a4\"] img.kb-inline-image{width:150px;vertical-align:baseline;}<\/style>\n<h2 id=\"training-resources\" class=\"kt-adv-heading_ca1259-a4 wp-block-kadence-advancedheading\" data-kb-block=\"kb-adv-heading_ca1259-a4\">We hope you&#8217;re enjoying the new website<\/h2>\n\n\n<style>.wp-block-kadence-advancedheading.kt-adv-heading_6e0e5f-13, .wp-block-kadence-advancedheading.kt-adv-heading_6e0e5f-13[data-kb-block=\"kb-adv-heading_6e0e5f-13\"]{text-align:center;font-style:normal;}.wp-block-kadence-advancedheading.kt-adv-heading_6e0e5f-13 mark.kt-highlight, .wp-block-kadence-advancedheading.kt-adv-heading_6e0e5f-13[data-kb-block=\"kb-adv-heading_6e0e5f-13\"] mark.kt-highlight{font-style:normal;color:#f76a0c;-webkit-box-decoration-break:clone;box-decoration-break:clone;padding-top:0px;padding-right:0px;padding-bottom:0px;padding-left:0px;}.wp-block-kadence-advancedheading.kt-adv-heading_6e0e5f-13 img.kb-inline-image, .wp-block-kadence-advancedheading.kt-adv-heading_6e0e5f-13[data-kb-block=\"kb-adv-heading_6e0e5f-13\"] img.kb-inline-image{width:150px;vertical-align:baseline;}<\/style>\n<h6 class=\"kt-adv-heading_6e0e5f-13 wp-block-kadence-advancedheading\" data-kb-block=\"kb-adv-heading_6e0e5f-13\">However, we&#8217;re always looking to improve the experience for our international community.<\/h6>\n\n\n<style>.wp-block-kadence-spacer.kt-block-spacer-_19f172-89 .kt-block-spacer{height:60px;}.wp-block-kadence-spacer.kt-block-spacer-_19f172-89 .kt-divider{border-top-width:1px;height:1px;border-top-color:var(--global-palette1, #3182CE);width:80%;border-top-style:solid;}<\/style>\n<div class=\"wp-block-kadence-spacer aligncenter kt-block-spacer-_19f172-89\"><div class=\"kt-block-spacer kt-block-spacer-halign-center\"><hr class=\"kt-divider\"\/><\/div><\/div>\n\n\n\n<p>We&#8217;d love to hear more about your experience on our website \u2014 good, bad or otherwise. You don&#8217;t need <strong>any<\/strong> technical knowledge to give us feedback \u2014 all you need is to be honest. We promise we won&#8217;t be hurt by your comments, and your input might be just what we need to change someone&#8217;s life.<\/p>\n\n\n\n<p class=\"has-text-align-left\">To give us feedback, fill out the form below, or <a rel=\"noreferrer noopener\" href=\"https:\/\/docs.google.com\/forms\/d\/e\/1FAIpQLSdqGV_m335cnl1Xu6ZVkTapopla5IrF4y18LUps5yxL1jcxBA\/viewform?usp=sf_link\" target=\"_blank\">click this link<\/a> to go directly to the feedback form.<\/p>\n\n\n<style>.wp-block-kadence-spacer.kt-block-spacer-_0154e7-5f .kt-block-spacer{height:30px;}.wp-block-kadence-spacer.kt-block-spacer-_0154e7-5f .kt-divider{border-top-width:1px;height:1px;border-top-color:var(--global-palette8, #F7FAFC);width:80%;border-top-style:solid;}<\/style>\n<div class=\"wp-block-kadence-spacer aligncenter kt-block-spacer-_0154e7-5f\"><div class=\"kt-block-spacer kt-block-spacer-halign-center\"><hr class=\"kt-divider\"\/><\/div><\/div>\n\n\n<style>#kt-layout-id_dd3b61-7a{margin-top:2em;margin-bottom:0em;}#kt-layout-id_dd3b61-7a > .kt-row-column-wrap{align-content:start;}:where(#kt-layout-id_dd3b61-7a > .kt-row-column-wrap) > .wp-block-kadence-column{justify-content:start;}#kt-layout-id_dd3b61-7a > .kt-row-column-wrap{column-gap:var(--global-kb-gap-md, 2rem);row-gap:var(--global-kb-gap-md, 2rem);padding-top:var( --global-kb-row-default-top, 25px );padding-bottom:var( --global-kb-row-default-bottom, 25px );padding-top:var(--global-kb-spacing-sm, 1.5rem);padding-bottom:var(--global-kb-spacing-sm, 1.5rem);grid-template-columns:minmax(0, 1fr);}#kt-layout-id_dd3b61-7a{background-color:#fcfcfc;}#kt-layout-id_dd3b61-7a > .kt-row-layout-overlay{opacity:0.30;}@media all and (max-width: 1024px){#kt-layout-id_dd3b61-7a > .kt-row-column-wrap{grid-template-columns:minmax(0, 1fr);}}@media all and (max-width: 767px){#kt-layout-id_dd3b61-7a > .kt-row-column-wrap{grid-template-columns:minmax(0, 1fr);}}<\/style>\n<div class=\"wp-block-kadence-rowlayout alignfull\"><div id=\"kt-layout-id_dd3b61-7a\" class=\"kt-row-layout-inner kt-row-has-bg kt-layout-id_dd3b61-7a\"><div class=\"kt-row-column-wrap kt-has-1-columns kt-gutter-default kt-v-gutter-default kt-row-valign-top kt-row-layout-equal kt-tab-layout-inherit kt-m-colapse-left-to-right kt-mobile-layout-row\"><style>.kadence-column_aa5049-fd > .kt-inside-inner-col{border-top-width:0px;border-right-width:0px;border-bottom-width:0px;border-left-width:0px;}.kadence-column_aa5049-fd > .kt-inside-inner-col,.kadence-column_aa5049-fd > .kt-inside-inner-col:before{border-top-left-radius:0px;border-top-right-radius:0px;border-bottom-right-radius:0px;border-bottom-left-radius:0px;}.kadence-column_aa5049-fd > .kt-inside-inner-col{column-gap:var(--global-kb-gap-sm, 1rem);}.kadence-column_aa5049-fd > .kt-inside-inner-col{flex-direction:column;}.kadence-column_aa5049-fd > .kt-inside-inner-col > .aligncenter{width:100%;}.kadence-column_aa5049-fd > .kt-inside-inner-col:before{opacity:0.3;}.kadence-column_aa5049-fd{text-align:center;}.kadence-column_aa5049-fd{position:relative;}@media all and (max-width: 1024px){.kadence-column_aa5049-fd > .kt-inside-inner-col{flex-direction:column;justify-content:center;}}@media all and (max-width: 767px){.kadence-column_aa5049-fd > .kt-inside-inner-col{flex-direction:column;justify-content:center;}}<\/style>\n<div class=\"wp-block-kadence-column inner-column-1 kadence-column_aa5049-fd\"><div class=\"kt-inside-inner-col\">\n<iframe loading=\"lazy\" src=\"https:\/\/docs.google.com\/forms\/d\/e\/1FAIpQLSdqGV_m335cnl1Xu6ZVkTapopla5IrF4y18LUps5yxL1jcxBA\/viewform?embedded=true\" width=\"700\" height=\"800\" frameborder=\"0\" marginheight=\"0\" marginwidth=\"0\">Loading\u2026<\/iframe>\n<\/div><\/div>\n<\/div><\/div><\/div>\n\n\n<style>.wp-block-kadence-advancedheading.kt-adv-heading_e58f0a-6e, .wp-block-kadence-advancedheading.kt-adv-heading_e58f0a-6e[data-kb-block=\"kb-adv-heading_e58f0a-6e\"]{text-align:center;font-style:normal;}.wp-block-kadence-advancedheading.kt-adv-heading_e58f0a-6e mark.kt-highlight, .wp-block-kadence-advancedheading.kt-adv-heading_e58f0a-6e[data-kb-block=\"kb-adv-heading_e58f0a-6e\"] mark.kt-highlight{font-style:normal;color:#f76a0c;-webkit-box-decoration-break:clone;box-decoration-break:clone;padding-top:0px;padding-right:0px;padding-bottom:0px;padding-left:0px;}.wp-block-kadence-advancedheading.kt-adv-heading_e58f0a-6e img.kb-inline-image, .wp-block-kadence-advancedheading.kt-adv-heading_e58f0a-6e[data-kb-block=\"kb-adv-heading_e58f0a-6e\"] img.kb-inline-image{width:150px;vertical-align:baseline;}<\/style>\n<h4 class=\"kt-adv-heading_e58f0a-6e wp-block-kadence-advancedheading\" data-kb-block=\"kb-adv-heading_e58f0a-6e\">Thank you so much for your feedback. We really appreciate it!<\/h4>\n","protected":false},"excerpt":{"rendered":"<p>Donnez-nous votre avis. Nous esp\u00e9rons que vous appr\u00e9ciez notre nouveau site web. Cependant, nous cherchons constamment \u00e0 am\u00e9liorer l&#039;exp\u00e9rience de notre communaut\u00e9 internationale. Nous aimerions en savoir plus sur vos\u2026<\/p>","protected":false},"author":1,"featured_media":0,"parent":0,"menu_order":0,"comment_status":"closed","ping_status":"closed","template":"","meta":{"_acf_changed":false,"give_campaign_id":0,"_gspb_post_css":"","_kad_post_transparent":"","_kad_post_title":"","_kad_post_layout":"","_kad_post_sidebar_id":"","_kad_post_content_style":"","_kad_post_vertical_padding":"","_kad_post_feature":"","_kad_post_feature_position":"","_kad_post_header":false,"_kad_post_footer":false,"_kad_post_classname":"","footnotes":""},"class_list":["post-3706","page","type-page","status-publish","hentry"],"acf":[],"campaignId":"","_links":{"self":[{"href":"https:\/\/twnaf.com\/fr\/wp-json\/wp\/v2\/pages\/3706","targetHints":{"allow":["GET"]}}],"collection":[{"href":"https:\/\/twnaf.com\/fr\/wp-json\/wp\/v2\/pages"}],"about":[{"href":"https:\/\/twnaf.com\/fr\/wp-json\/wp\/v2\/types\/page"}],"author":[{"embeddable":true,"href":"https:\/\/twnaf.com\/fr\/wp-json\/wp\/v2\/users\/1"}],"replies":[{"embeddable":true,"href":"https:\/\/twnaf.com\/fr\/wp-json\/wp\/v2\/comments?post=3706"}],"version-history":[{"count":5,"href":"https:\/\/twnaf.com\/fr\/wp-json\/wp\/v2\/pages\/3706\/revisions"}],"predecessor-version":[{"id":9647,"href":"https:\/\/twnaf.com\/fr\/wp-json\/wp\/v2\/pages\/3706\/revisions\/9647"}],"wp:attachment":[{"href":"https:\/\/twnaf.com\/fr\/wp-json\/wp\/v2\/media?parent=3706"}],"curies":[{"name":"wp","href":"https:\/\/api.w.org\/{rel}","templated":true}]}}