{"id":4027,"date":"2021-08-04T21:04:11","date_gmt":"2021-08-04T19:04:11","guid":{"rendered":"https:\/\/twnaf.com\/donation-failed\/"},"modified":"2026-03-04T15:40:10","modified_gmt":"2026-03-04T13:40:10","slug":"donation-failed","status":"publish","type":"page","link":"https:\/\/twnaf.com\/fr\/donation-failed\/","title":{"rendered":"Donation Failed"},"content":{"rendered":"<p>Nous sommes d\u00e9sol\u00e9s, votre don n&#039;a pas pu \u00eatre trait\u00e9. <\/p>\n\n\n\n<p>Veuillez r\u00e9essayer (en v\u00e9rifiant bien toutes vos informations pour \u00eatre absolument certain(e)), ou contactez-nous \u00e0 l&#039;adresse suivante\u00a0: <a href=\"mailto:engage@theworldneedsafather.com\">engage@theworldneedsafather.com<\/a> si vous avez encore des difficult\u00e9s.<\/p>","protected":false},"excerpt":{"rendered":"<p>We&#8217;re sorry, your donation failed to process. Please try again (double-checking all of your details just to be super sure), or contact us at engage@theworldneedsafather.com if you&#8217;re still struggling.<\/p>","protected":false},"author":1,"featured_media":0,"parent":0,"menu_order":0,"comment_status":"closed","ping_status":"closed","template":"","meta":{"_acf_changed":false,"give_campaign_id":0,"_gspb_post_css":"","_kad_post_transparent":"","_kad_post_title":"","_kad_post_layout":"","_kad_post_sidebar_id":"","_kad_post_content_style":"","_kad_post_vertical_padding":"","_kad_post_feature":"","_kad_post_feature_position":"","_kad_post_header":false,"_kad_post_footer":false,"_kad_post_classname":"","footnotes":""},"class_list":["post-4027","page","type-page","status-publish","hentry"],"acf":[],"campaignId":"","_links":{"self":[{"href":"https:\/\/twnaf.com\/fr\/wp-json\/wp\/v2\/pages\/4027","targetHints":{"allow":["GET"]}}],"collection":[{"href":"https:\/\/twnaf.com\/fr\/wp-json\/wp\/v2\/pages"}],"about":[{"href":"https:\/\/twnaf.com\/fr\/wp-json\/wp\/v2\/types\/page"}],"author":[{"embeddable":true,"href":"https:\/\/twnaf.com\/fr\/wp-json\/wp\/v2\/users\/1"}],"replies":[{"embeddable":true,"href":"https:\/\/twnaf.com\/fr\/wp-json\/wp\/v2\/comments?post=4027"}],"version-history":[{"count":1,"href":"https:\/\/twnaf.com\/fr\/wp-json\/wp\/v2\/pages\/4027\/revisions"}],"predecessor-version":[{"id":42997,"href":"https:\/\/twnaf.com\/fr\/wp-json\/wp\/v2\/pages\/4027\/revisions\/42997"}],"wp:attachment":[{"href":"https:\/\/twnaf.com\/fr\/wp-json\/wp\/v2\/media?parent=4027"}],"curies":[{"name":"wp","href":"https:\/\/api.w.org\/{rel}","templated":true}]}}